{"id":3,"date":"2022-04-18T17:46:41","date_gmt":"2022-04-18T17:46:41","guid":{"rendered":"https:\/\/live-kchc-2022.pantheonsite.io\/?page_id=3"},"modified":"2023-07-03T11:59:16","modified_gmt":"2023-07-03T16:59:16","slug":"politica-de-privacidad","status":"publish","type":"page","link":"https:\/\/www.pillarhealthcare.org\/es\/privacy-policy\/","title":{"rendered":"Pol\u00edtica de privacidad"},"content":{"rendered":"<div class=\"fusion-fullwidth fullwidth-box fusion-builder-row-1 fusion-flex-container nonhundred-percent-fullwidth non-hundred-percent-height-scrolling\" style=\"--awb-border-radius-top-left:0px;--awb-border-radius-top-right:0px;--awb-border-radius-bottom-right:0px;--awb-border-radius-bottom-left:0px;--awb-flex-wrap:wrap;\" ><div class=\"fusion-builder-row fusion-row fusion-flex-align-items-flex-start fusion-flex-content-wrap\" style=\"max-width:1456px;margin-left: calc(-4% \/ 2 );margin-right: calc(-4% \/ 2 );\"><div class=\"fusion-layout-column fusion_builder_column fusion-builder-column-0 fusion_builder_column_1_1 1_1 fusion-flex-column\" style=\"--awb-bg-size:cover;--awb-width-large:100%;--awb-margin-top-large:0px;--awb-spacing-right-large:1.92%;--awb-margin-bottom-large:0px;--awb-spacing-left-large:1.92%;--awb-width-medium:100%;--awb-spacing-right-medium:1.92%;--awb-spacing-left-medium:1.92%;--awb-width-small:100%;--awb-spacing-right-small:1.92%;--awb-spacing-left-small:1.92%;\"><div class=\"fusion-column-wrapper fusion-flex-justify-content-flex-start fusion-content-layout-column\"><div class=\"fusion-text fusion-text-1\"><p>Fecha de entrada en vigor: 30.6.23<\/p>\n<h3>1. Introducci\u00f3n<\/h3>\n<p>Kenosha Community Health Center, Inc., que gestiona el sitio web pillarhealthcare.org (en lo sucesivo, \"nosotros\", \"nos\" o \"nuestro\") valora su privacidad. Esta pol\u00edtica de privacidad explica c\u00f3mo recogemos, utilizamos y compartimos su informaci\u00f3n personal cuando utiliza nuestro sitio web.<\/p>\n<p>Operamos en Estados Unidos. Si tiene alguna pregunta o duda sobre nuestra pol\u00edtica de privacidad, p\u00f3ngase en contacto con nosotros en <a href=\"mailto:info@pillarhealthcare.org\" target=\"_new\" rel=\"noopener\">info@pillarhealthcare.org<\/a> o llame al 262.771.3553.<\/p>\n<h3>2. Recogida de datos personales<\/h3>\n<p>Cuando visita nuestro sitio web, recopilamos autom\u00e1ticamente cierta informaci\u00f3n a trav\u00e9s de Google Analytics 4, como estad\u00edsticas de usuario y de sesi\u00f3n, geolocalizaci\u00f3n aproximada e informaci\u00f3n sobre el navegador y el dispositivo. Si utiliza nuestro formulario de contacto, recopilamos su nombre, n\u00famero de tel\u00e9fono y direcci\u00f3n de correo electr\u00f3nico. Tambi\u00e9n recopilamos su nombre y direcci\u00f3n de correo electr\u00f3nico si opta por recibir nuestro bolet\u00edn de noticias. Las cookies que utilizamos forman parte de Google Analytics 4.<\/p>\n<h3>3. Uso de datos personales<\/h3>\n<p>Utilizamos los datos que recopilamos para mejorar nuestro sitio web y hacer un seguimiento de la eficacia de nuestras campa\u00f1as de marketing. No utilizamos sus datos personales para tomar decisiones automatizadas.<\/p>\n<h3>4. Intercambio y transferencia de datos<\/h3>\n<p>No compartimos sus datos personales con terceros. Sus datos personales no se transfieren fuera de Estados Unidos. Nos integramos con Google Analytics 4 y Meta Pixel, que pueden recopilar datos personales como se describe en sus propias pol\u00edticas de privacidad.<\/p>\n<h3>5. 5. Seguridad de los datos<\/h3>\n<p>Garantizamos la seguridad de sus datos personales transmiti\u00e9ndolos de forma segura a nuestro proveedor de alojamiento, Pantheon.<\/p>\n<h3>6. Conservaci\u00f3n de datos<\/h3>\n<p>Actualmente no disponemos de una pol\u00edtica espec\u00edfica de conservaci\u00f3n de datos.<\/p>\n<h3>7. Derechos del usuario<\/h3>\n<p>Tiene derecho a solicitar el acceso, la rectificaci\u00f3n o la supresi\u00f3n de sus datos personales. Para ejercer estos derechos, puede ponerse en contacto con nosotros en <a href=\"mailto:info@pillarhealthcare.org\" target=\"_new\" rel=\"noopener\">info@pillarhealthcare.org<\/a> o llame al 262.771.3553.<\/p>\n<h3>8. Privacidad infantil<\/h3>\n<p>Aunque nuestro sitio web no est\u00e1 destinado a los ni\u00f1os, \u00e9stos pueden tener acceso a \u00e9l. No recogemos informaci\u00f3n personal de ni\u00f1os a menos que se env\u00ede directamente a trav\u00e9s de nuestro formulario de contacto. No tomamos ninguna medida particular para proteger la privacidad de los ni\u00f1os m\u00e1s all\u00e1 de las medidas previstas para los adultos.<\/p>\n<h3>9. Actualizaciones de la pol\u00edtica de privacidad<\/h3>\n<p>Es posible que actualicemos nuestra pol\u00edtica de privacidad de vez en cuando. La fecha de la \u00faltima versi\u00f3n se indicar\u00e1 siempre en la parte superior de esta p\u00e1gina.<\/p>\n<h3>10. Informaci\u00f3n de contacto<\/h3>\n<p>Para cualquier pregunta o duda sobre esta pol\u00edtica de privacidad, p\u00f3ngase en contacto con nosotros en <a href=\"mailto:info@pillarhealthcare.org\" target=\"_new\" rel=\"noopener\">info@pillarhealthcare.org<\/a> o llame al 262.771.3553.<\/p>\n<\/div><\/div><\/div><\/div><\/div>","protected":false},"excerpt":{"rendered":"","protected":false},"author":1,"featured_media":0,"parent":0,"menu_order":0,"comment_status":"closed","ping_status":"open","template":"","meta":{"_acf_changed":false,"footnotes":""},"ailments":[],"class_list":["post-3","page","type-page","status-publish","hentry"],"acf":[],"_links":{"self":[{"href":"https:\/\/www.pillarhealthcare.org\/es\/wp-json\/wp\/v2\/pages\/3","targetHints":{"allow":["GET"]}}],"collection":[{"href":"https:\/\/www.pillarhealthcare.org\/es\/wp-json\/wp\/v2\/pages"}],"about":[{"href":"https:\/\/www.pillarhealthcare.org\/es\/wp-json\/wp\/v2\/types\/page"}],"author":[{"embeddable":true,"href":"https:\/\/www.pillarhealthcare.org\/es\/wp-json\/wp\/v2\/users\/1"}],"replies":[{"embeddable":true,"href":"https:\/\/www.pillarhealthcare.org\/es\/wp-json\/wp\/v2\/comments?post=3"}],"version-history":[{"count":5,"href":"https:\/\/www.pillarhealthcare.org\/es\/wp-json\/wp\/v2\/pages\/3\/revisions"}],"predecessor-version":[{"id":18786,"href":"https:\/\/www.pillarhealthcare.org\/es\/wp-json\/wp\/v2\/pages\/3\/revisions\/18786"}],"wp:attachment":[{"href":"https:\/\/www.pillarhealthcare.org\/es\/wp-json\/wp\/v2\/media?parent=3"}],"wp:term":[{"taxonomy":"ailments","embeddable":true,"href":"https:\/\/www.pillarhealthcare.org\/es\/wp-json\/wp\/v2\/ailments?post=3"}],"curies":[{"name":"wp","href":"https:\/\/api.w.org\/{rel}","templated":true}]}}