{"id":20857,"date":"2024-03-21T12:06:05","date_gmt":"2024-03-21T17:06:05","guid":{"rendered":"https:\/\/www.pillarhealthcare.org\/?page_id=20857"},"modified":"2024-05-17T08:44:44","modified_gmt":"2024-05-17T13:44:44","slug":"preparese-para-su-visita","status":"publish","type":"page","link":"https:\/\/www.pillarhealthcare.org\/es\/be-prepared-for-your-visit\/","title":{"rendered":"Est\u00e9 Preparado Para una Visita Medica"},"content":{"rendered":"<p><div class=\"fusion-fullwidth fullwidth-box fusion-builder-row-1 fusion-flex-container has-pattern-background has-mask-background nonhundred-percent-fullwidth non-hundred-percent-height-scrolling rounded-title-bar-left fusion-custom-z-index\" style=\"--awb-border-radius-top-left:0px;--awb-border-radius-top-right:0px;--awb-border-radius-bottom-right:0px;--awb-border-radius-bottom-left:0px;--awb-z-index:99;--awb-padding-top-medium:30px;--awb-padding-bottom-medium:30px;--awb-margin-bottom:0px;--awb-background-color:var(--awb-custom_color_5);--awb-flex-wrap:wrap;\" ><div class=\"fusion-builder-row fusion-row fusion-flex-align-items-stretch fusion-flex-content-wrap\" style=\"max-width:1456px;margin-left: calc(-4% \/ 2 );margin-right: calc(-4% \/ 2 );\"><div class=\"fusion-layout-column fusion_builder_column fusion-builder-column-0 fusion_builder_column_1_2 1_2 fusion-flex-column fusion-flex-align-self-center\" style=\"--awb-padding-top:10%;--awb-padding-bottom:10%;--awb-padding-top-small:0px;--awb-bg-size:cover;--awb-width-large:50%;--awb-margin-top-large:0px;--awb-spacing-right-large:3.84%;--awb-margin-bottom-large:0px;--awb-spacing-left-large:3.84%;--awb-width-medium:50%;--awb-order-medium:0;--awb-spacing-right-medium:3.84%;--awb-spacing-left-medium:3.84%;--awb-width-small:100%;--awb-order-small:0;--awb-spacing-right-small:1.92%;--awb-spacing-left-small:1.92%;\" data-scroll-devices=\"small-visibility,medium-visibility,large-visibility\"><div class=\"fusion-column-wrapper fusion-column-has-shadow fusion-flex-justify-content-space-between fusion-content-layout-column\"><div class=\"fusion-title title fusion-title-1 fusion-sep-none fusion-title-text fusion-title-size-one\" style=\"--awb-text-color:var(--awb-color1);--awb-margin-top-small:10px;--awb-margin-right-small:0px;--awb-margin-bottom-small:10px;--awb-margin-left-small:0px;\"><h1 class=\"fusion-title-heading title-heading-left fusion-responsive-typography-calculated\" style=\"margin:0;--fontSize:65;line-height:1.3;\">Est\u00e9 Preparado Para una Visita Medica<\/h1><\/div><nav class=\"fusion-breadcrumbs fusion-breadcrumbs-1\" style=\"--awb-margin-top:20px;--awb-alignment:left;--awb-text-hover-color:var(--awb-custom_color_5);--awb-text-color:var(--awb-color1);--awb-breadcrumb-sep:&#039;\/\/&#039;;text-align:left;\" aria-label=\"Migas de pan\"><nav aria-label=\"ruta de navegaci\u00f3n\" class=\"rank-math-breadcrumb\"><p><span class=\"last\">Inicio<\/span><\/p><\/nav><\/nav><\/div><\/div><div class=\"fusion-layout-column fusion_builder_column fusion-builder-column-1 fusion_builder_column_1_2 1_2 fusion-flex-column\" style=\"--awb-bg-position:center center;--awb-bg-size:cover;--awb-width-large:50%;--awb-margin-top-large:0px;--awb-spacing-right-large:3.84%;--awb-margin-bottom-large:0px;--awb-spacing-left-large:3.84%;--awb-width-medium:50%;--awb-order-medium:0;--awb-spacing-right-medium:3.84%;--awb-spacing-left-medium:3.84%;--awb-width-small:100%;--awb-order-small:0;--awb-spacing-right-small:1.92%;--awb-spacing-left-small:1.92%;\" data-scroll-devices=\"small-visibility,medium-visibility,large-visibility\"><div class=\"fusion-column-wrapper lazyload fusion-column-has-shadow fusion-flex-justify-content-center fusion-content-layout-column fusion-empty-column-bg-image fusion-column-has-bg-image\" data-bg-url=\"https:\/\/www.pillarhealthcare.org\/wp-content\/uploads\/2024\/03\/Pillar-Checklist_Featured-jpg.webp\" data-bg=\"https:\/\/www.pillarhealthcare.org\/wp-content\/uploads\/2024\/03\/Pillar-Checklist_Featured-jpg.webp\"><img decoding=\"async\" class=\"fusion-empty-dims-img-placeholder fusion-no-large-visibility fusion-no-medium-visibility\" alt=\"Lista de control de pilares Destacados\" aria-label=\"Lista de control de pilares Destacados\" src=\"data:image\/svg+xml,%3Csvg%20xmlns%3D%27http%3A%2F%2Fwww.w3.org%2F2000%2Fsvg%27%20width%3D%271200%27%20height%3D%27539%27%20viewBox%3D%270%200%201200%20539%27%3E%3Crect%20width%3D%271200%27%20height%3D%27539%27%20fill-opacity%3D%220%22%2F%3E%3C%2Fsvg%3E\"><\/div><\/div><\/div><\/div><div class=\"fusion-fullwidth fullwidth-box fusion-builder-row-2 fusion-flex-container has-pattern-background has-mask-background nonhundred-percent-fullwidth non-hundred-percent-height-scrolling\" style=\"--awb-border-radius-top-left:0px;--awb-border-radius-top-right:0px;--awb-border-radius-bottom-right:0px;--awb-border-radius-bottom-left:0px;--awb-margin-top:35px;--awb-margin-bottom:40px;--awb-flex-wrap:wrap;\" ><div class=\"fusion-builder-row fusion-row fusion-flex-align-items-flex-start fusion-flex-content-wrap\" style=\"max-width:1456px;margin-left: calc(-4% \/ 2 );margin-right: calc(-4% \/ 2 );\"><div class=\"fusion-layout-column fusion_builder_column fusion-builder-column-2 fusion_builder_column_4_5 4_5 fusion-flex-column fusion-flex-align-self-flex-start\" style=\"--awb-bg-size:cover;--awb-width-large:80%;--awb-margin-top-large:0px;--awb-spacing-right-large:2.4%;--awb-margin-bottom-large:20px;--awb-spacing-left-large:2.4%;--awb-width-medium:80%;--awb-order-medium:0;--awb-spacing-right-medium:2.4%;--awb-spacing-left-medium:2.4%;--awb-width-small:100%;--awb-order-small:0;--awb-spacing-right-small:1.92%;--awb-spacing-left-small:1.92%;\" data-scroll-devices=\"small-visibility,medium-visibility,large-visibility\"><div class=\"fusion-column-wrapper fusion-column-has-shadow fusion-flex-justify-content-flex-start fusion-content-layout-column\"><div class=\"fusion-text fusion-text-1\"><h4><span style=\"font-weight: 400;\">Una visita al consultorio del m\u00e9dico es importante. Siga estos consejos para asegurarse de estar preparado para reunirse con su proveedor y su equipo de atenci\u00f3n.<\/span><\/h4>\n<\/div><div ><a class=\"fusion-button button-flat fusion-button-default-size button-default fusion-button-default button-1 fusion-button-default-span fusion-button-default-type\" target=\"_self\" href=\"https:\/\/www.amazon.com\/dp\/B0D11QWJXN?ref_=cm_sw_r_apin_dp_Z0BK4PHEKWFWS8DD59GF&amp;language=en-US\" rel=\"noopener\"><span class=\"fusion-button-text awb-button__text awb-button__text--default\">CUADERNO<\/span><\/a><\/div><div class=\"fusion-text fusion-text-2\"><h5><b>1. Planifique por Adelantado <\/b><\/h5>\n<p><span style=\"font-weight: 400;\">Considere lo que desea obtener de la visita y pregunte cosas relevantes a su cita.<\/span><\/p>\n<ul>\n<li><span style=\"font-weight: 400;\">Eval\u00fae como se siente entre visitas. Con\u00f3zcase y abogue por usted.\u00a0<\/span><\/li>\n<li><span style=\"font-weight: 400;\">Puede ser dif\u00edcil obtener respuesta a una pregunta que olvido hacer en su visita.<\/span><\/li>\n<\/ul>\n<h5><b>2. Llegar Temprano <\/b><\/h5>\n<p><span style=\"font-weight: 400;\">Llegar 15 minutos antes de su visita le puede asegurar que tenga suficiente tiempo para registrarse y llenar formularios.\u00a0<\/span><\/p>\n<h5><b>3. Preparar Una Lista <\/b><\/h5>\n<p><span style=\"font-weight: 400;\">Sepa lo que quiere obtener de su visita. Prepare una lista con preguntas, comentarios y\/o preocupaci\u00f3n para discutirlas con Doctor. Puedes incluir una lista de medicamentos, dosis y frecuencia. Si usted tiene alergias, deber\u00eda hacer una lista de ellas tambi\u00e9n.<\/span><\/p>\n<ul>\n<li><a href=\"https:\/\/www.amazon.com\/dp\/B0D11QWJXN?ref_=cm_sw_r_apin_dp_Z0BK4PHEKWFWS8DD59GF&amp;language=en-US\" target=\"_blank\" rel=\"noopener\"><span style=\"font-weight: 400;\">Aqu\u00ed un enlace (LINK)<\/span><\/a><span style=\"font-weight: 400;\"> a una cuaderno. Tal vez desee considerarlo. Tr\u00e1igalo con usted. Coge papel y bol\u00edgrafo para tomar notas.<\/span><\/li>\n<li><span style=\"font-weight: 400;\">El Proveedor tambi\u00e9n tendr\u00e1 inquietudes que discutir, como ex\u00e1menes de salud y\/o recomendaciones.<\/span><\/li>\n<\/ul>\n<h5><b>4. Traiga Documentos Importantes<\/b><\/h5>\n<p><span style=\"font-weight: 400;\">Traiga su identificaci\u00f3n, seguro m\u00e9dico, medicamentos y formularios de recetas para reordenar por si el m\u00e9dico le pregunta por ellas.<\/span><\/p>\n<ul>\n<li><span style=\"font-weight: 400;\">Si usted tiene la aplicaci\u00f3n MyChart en su tel\u00e9fono o computadora trate de registrarse en line, pero siempre traiga sus documentos con sigo.<\/span><\/li>\n<\/ul>\n<h5><b>5. Ser Honesto<\/b><span style=\"font-weight: 400;\">\u00a0<\/span><\/h5>\n<p><span style=\"font-weight: 400;\">Sea honesto y espec\u00edfico cuando hable de sus s\u00edntomas y expresando sus preocupaciones.<\/span><\/p>\n<ul>\n<li><span style=\"font-weight: 400;\">Haga pregunta hasta tener la seguridad que entiendo lo que el equipo m\u00e9dico le est\u00e1 diciendo.<\/span><\/li>\n<li><span style=\"font-weight: 400;\">Informe a su m\u00e9dico de otras citas con doctores\/especialistas y visitas a sala de emergencia.<\/span><\/li>\n<li><span style=\"font-weight: 400;\">Sea sincero acerca de su salud mental y si ha sucedido alg\u00fan cambio en la historia de la familia.<\/span><\/li>\n<\/ul>\n<h5><b>6. Considere Traer un Acompa\u00f1ante con Usted <\/b><\/h5>\n<p><span style=\"font-weight: 400;\">Puede pedirle a un familiar o amigo que le acompa\u00f1e. Tener a alguien con usted lo puede ayudar a calmar sus nervios.<\/span><\/p>\n<h5><b>7. Este Preparado para Ver y O\u00edr con Claridad<\/b><span style=\"font-weight: 400;\">\u00a0<\/span><\/h5>\n<p><span style=\"font-weight: 400;\">Aseg\u00farese que puede ver y ori lo mejor posible. Use sus espejuelos y\/o aparados auditivos si los tienes. <\/span><span style=\"font-weight: 400;\">Ponte las gafas y los aud\u00edfonos si los tienes.<\/span><\/p>\n<h5><b>8. Solicitar un Int\u00e9rprete<\/b><span style=\"font-weight: 400;\">\u00a0<\/span><\/h5>\n<p><span style=\"font-weight: 400;\">Si usted lo necesita, usted puede solicitar un int\u00e9rprete.<\/span><\/p>\n<\/div><\/div><\/div><\/div><\/div><div class=\"fusion-fullwidth fullwidth-box fusion-builder-row-3 fusion-flex-container has-pattern-background has-mask-background nonhundred-percent-fullwidth non-hundred-percent-height-scrolling\" style=\"--awb-border-sizes-left:75px;--awb-border-sizes-right:75px;--awb-border-color:var(--awb-color1);--awb-border-radius-top-left:0px;--awb-border-radius-top-right:0px;--awb-border-radius-bottom-right:0px;--awb-border-radius-bottom-left:0px;--awb-padding-right:0px;--awb-padding-bottom:10%;--awb-padding-left:0px;--awb-background-color:var(--awb-color7);--awb-flex-wrap:wrap;\" id=\"borderBotRight\" ><div class=\"fusion-builder-row fusion-row fusion-flex-align-items-flex-start fusion-flex-content-wrap\" style=\"max-width:1456px;margin-left: calc(-4% \/ 2 );margin-right: calc(-4% \/ 2 );\"><div class=\"fusion-layout-column fusion_builder_column fusion-builder-column-3 fusion_builder_column_1_1 1_1 fusion-flex-column\" style=\"--awb-bg-size:cover;--awb-width-large:100%;--awb-margin-top-large:0px;--awb-spacing-right-large:1.92%;--awb-margin-bottom-large:20px;--awb-spacing-left-large:1.92%;--awb-width-medium:100%;--awb-order-medium:0;--awb-spacing-right-medium:1.92%;--awb-spacing-left-medium:1.92%;--awb-width-small:100%;--awb-order-small:0;--awb-spacing-right-small:1.92%;--awb-spacing-left-small:1.92%;\"><div class=\"fusion-column-wrapper fusion-column-has-shadow fusion-flex-justify-content-flex-start fusion-content-layout-column\"><\/div><\/div><\/div><\/div>\n<div class=\"fusion-fullwidth fullwidth-box fusion-builder-row-4 fusion-flex-container has-pattern-background has-mask-background nonhundred-percent-fullwidth non-hundred-percent-height-scrolling rounded-title-bar-left\" style=\"--awb-border-radius-top-left:0px;--awb-border-radius-top-right:0px;--awb-border-radius-bottom-right:0px;--awb-border-radius-bottom-left:0px;--awb-margin-top:-8%;--awb-margin-bottom:60px;--awb-flex-wrap:wrap;\" ><div class=\"fusion-builder-row fusion-row fusion-flex-align-items-flex-start fusion-flex-justify-content-center fusion-flex-content-wrap\" style=\"max-width:1456px;margin-left: calc(-4% \/ 2 );margin-right: calc(-4% \/ 2 );\"><div class=\"fusion-layout-column fusion_builder_column fusion-builder-column-4 fusion_builder_column_4_5 4_5 fusion-flex-column\" style=\"--awb-overflow:hidden;--awb-bg-color:var(--awb-color1);--awb-bg-color-hover:var(--awb-color1);--awb-bg-size:cover;--awb-box-shadow:1px 1px 10px 0px rgba(0,0,0,0.16);;--awb-border-radius:4px 4px 4px 4px;--awb-width-large:80%;--awb-margin-top-large:0px;--awb-spacing-right-large:2.4%;--awb-margin-bottom-large:20px;--awb-spacing-left-large:2.4%;--awb-width-medium:80%;--awb-order-medium:0;--awb-spacing-right-medium:2.4%;--awb-spacing-left-medium:2.4%;--awb-width-small:100%;--awb-order-small:0;--awb-spacing-right-small:1.92%;--awb-spacing-left-small:1.92%;\"><div class=\"fusion-column-wrapper fusion-column-has-shadow fusion-flex-justify-content-flex-start fusion-content-layout-column\"><div class=\"fusion-builder-row fusion-builder-row-inner fusion-row fusion-flex-align-items-flex-start fusion-flex-justify-content-center fusion-flex-content-wrap\" style=\"--awb-flex-grow:0;--awb-flex-grow-medium:0;--awb-flex-grow-small:0;--awb-flex-shrink:0;--awb-flex-shrink-medium:0;--awb-flex-shrink-small:0;width:104% !important;max-width:104% !important;margin-left: calc(-4% \/ 2 );margin-right: calc(-4% \/ 2 );\"><div class=\"fusion-layout-column fusion_builder_column_inner fusion-builder-nested-column-0 fusion_builder_column_inner_2_3 2_3 fusion-flex-column fusion-flex-align-self-stretch\" style=\"--awb-padding-top:35px;--awb-padding-right:35px;--awb-padding-bottom:35px;--awb-padding-left:35px;--awb-bg-size:cover;--awb-width-large:66.666666666667%;--awb-margin-top-large:0px;--awb-spacing-right-large:2.88%;--awb-margin-bottom-large:0px;--awb-spacing-left-large:2.88%;--awb-width-medium:66.666666666667%;--awb-order-medium:0;--awb-spacing-right-medium:2.88%;--awb-spacing-left-medium:2.88%;--awb-width-small:100%;--awb-order-small:1;--awb-spacing-right-small:1.92%;--awb-spacing-left-small:1.92%;\" data-scroll-devices=\"small-visibility,medium-visibility,large-visibility\"><div class=\"fusion-column-wrapper fusion-column-has-shadow fusion-flex-justify-content-center fusion-content-layout-column\"><div class=\"fusion-title title fusion-title-2 fusion-sep-none fusion-title-text fusion-title-size-two\" style=\"--awb-text-color:var(--awb-custom_color_5);--awb-margin-top-small:10px;--awb-margin-right-small:0px;--awb-margin-bottom-small:10px;--awb-margin-left-small:0px;\"><h2 class=\"fusion-title-heading title-heading-left fusion-responsive-typography-calculated\" style=\"margin:0;--fontSize:52;line-height:1.19;\">No espere para programar su cita.<\/h2><\/div><div class=\"fusion-text fusion-text-3\"><p>Pillar Health y Kenosha Community Health Center ofrecen muchas opciones de citas para servicios m\u00e9dicos, dentales y de salud conductual en el sureste de Wisconsin para satisfacer sus necesidades.<\/p>\n<\/div><div style=\"text-align:left;\"><a class=\"fusion-button button-flat fusion-button-default-size button-custom fusion-button-default button-2 fusion-button-default-span fusion-button-default-type fusion-no-small-visibility fusion-no-medium-visibility phone-btn\" style=\"--button_accent_color:var(--awb-color7);--button_border_color:var(--awb-color7);--button_accent_hover_color:var(--awb-color7);--button_border_hover_color:var(--awb-color7);--button_gradient_top_color:var(--awb-custom_color_6);--button_gradient_bottom_color:var(--awb-custom_color_6);--button_gradient_top_color_hover:var(--awb-custom_color_6);--button_gradient_bottom_color_hover:var(--awb-custom_color_6);--button_font_size:36px;--button_padding-left:0px;--button_typography-font-family:&quot;Rubik&quot;;--button_typography-font-style:normal;--button_typography-font-weight:500;\" target=\"_self\" href=\"tel:(262)656-0044\"><i class=\"fa-phone-alt fas awb-button__icon awb-button__icon--default button-icon-left\" aria-hidden=\"true\"><\/i><span class=\"fusion-button-text awb-button__text awb-button__text--default\">Llame al (262) 656-0044 para programar una cita hoy mismo.<\/span><\/a><\/div><div style=\"text-align:left;\"><a class=\"fusion-button button-flat fusion-button-default-size button-custom fusion-button-default button-3 fusion-button-default-span fusion-button-default-type fusion-no-large-visibility phone-btn\" style=\"--button_accent_color:var(--awb-color7);--button_border_color:var(--awb-color7);--button_accent_hover_color:var(--awb-color7);--button_border_hover_color:var(--awb-color7);--button_gradient_top_color:var(--awb-custom_color_6);--button_gradient_bottom_color:var(--awb-custom_color_6);--button_gradient_top_color_hover:var(--awb-custom_color_6);--button_gradient_bottom_color_hover:var(--awb-custom_color_6);--button_padding-left:0px;--button_typography-font-family:&quot;Rubik&quot;;--button_typography-font-style:normal;--button_typography-font-weight:500;\" target=\"_self\" href=\"tel:(262)656-0044\"><i class=\"fa-phone-alt fas awb-button__icon awb-button__icon--default button-icon-left\" aria-hidden=\"true\"><\/i><span class=\"fusion-button-text awb-button__text awb-button__text--default\">Llame al (262) 656-0044 para programar una cita hoy mismo.<\/span><\/a><\/div><\/div><\/div><div class=\"fusion-layout-column fusion_builder_column_inner fusion-builder-nested-column-1 fusion_builder_column_inner_1_3 1_3 fusion-flex-column fusion-flex-align-self-stretch\" style=\"--awb-bg-position:center center;--awb-bg-size:cover;--awb-width-large:33.333333333333%;--awb-margin-top-large:0px;--awb-spacing-right-large:5.76%;--awb-margin-bottom-large:0px;--awb-spacing-left-large:5.76%;--awb-width-medium:33.333333333333%;--awb-order-medium:0;--awb-spacing-right-medium:5.76%;--awb-spacing-left-medium:5.76%;--awb-width-small:100%;--awb-order-small:0;--awb-spacing-right-small:1.92%;--awb-spacing-left-small:1.92%;\" data-scroll-devices=\"small-visibility,medium-visibility,large-visibility\"><div class=\"fusion-column-wrapper lazyload fusion-column-has-shadow fusion-flex-justify-content-center fusion-content-layout-column fusion-empty-column-bg-image fusion-column-has-bg-image\" data-bg-url=\"https:\/\/www.pillarhealthcare.org\/wp-content\/uploads\/2023\/05\/KCHC-ScheduleAppt.png\" data-bg=\"https:\/\/www.pillarhealthcare.org\/wp-content\/uploads\/2023\/05\/KCHC-ScheduleAppt.png\"><img decoding=\"async\" class=\"fusion-empty-dims-img-placeholder\" aria-label=\"KCHC-ScheduleAppt\" src=\"data:image\/svg+xml,%3Csvg%20xmlns%3D%27http%3A%2F%2Fwww.w3.org%2F2000%2Fsvg%27%20width%3D%27536%27%20height%3D%27465%27%20viewBox%3D%270%200%20536%20465%27%3E%3Crect%20width%3D%27536%27%20height%3D%27465%27%20fill-opacity%3D%220%22%2F%3E%3C%2Fsvg%3E\"><\/div><\/div><\/div><\/div><\/div><\/div><\/div>\n<\/p>","protected":false},"excerpt":{"rendered":"","protected":false},"author":1,"featured_media":0,"parent":0,"menu_order":0,"comment_status":"closed","ping_status":"closed","template":"100-width.php","meta":{"_acf_changed":false,"footnotes":""},"ailments":[],"class_list":["post-20857","page","type-page","status-publish","hentry"],"acf":[],"_links":{"self":[{"href":"https:\/\/www.pillarhealthcare.org\/es\/wp-json\/wp\/v2\/pages\/20857","targetHints":{"allow":["GET"]}}],"collection":[{"href":"https:\/\/www.pillarhealthcare.org\/es\/wp-json\/wp\/v2\/pages"}],"about":[{"href":"https:\/\/www.pillarhealthcare.org\/es\/wp-json\/wp\/v2\/types\/page"}],"author":[{"embeddable":true,"href":"https:\/\/www.pillarhealthcare.org\/es\/wp-json\/wp\/v2\/users\/1"}],"replies":[{"embeddable":true,"href":"https:\/\/www.pillarhealthcare.org\/es\/wp-json\/wp\/v2\/comments?post=20857"}],"version-history":[{"count":19,"href":"https:\/\/www.pillarhealthcare.org\/es\/wp-json\/wp\/v2\/pages\/20857\/revisions"}],"predecessor-version":[{"id":20995,"href":"https:\/\/www.pillarhealthcare.org\/es\/wp-json\/wp\/v2\/pages\/20857\/revisions\/20995"}],"wp:attachment":[{"href":"https:\/\/www.pillarhealthcare.org\/es\/wp-json\/wp\/v2\/media?parent=20857"}],"wp:term":[{"taxonomy":"ailments","embeddable":true,"href":"https:\/\/www.pillarhealthcare.org\/es\/wp-json\/wp\/v2\/ailments?post=20857"}],"curies":[{"name":"wp","href":"https:\/\/api.w.org\/{rel}","templated":true}]}}